{"id":20,"date":"2024-07-25T09:14:52","date_gmt":"2024-07-25T07:14:52","guid":{"rendered":"https:\/\/ispeakenglish.org\/?page_id=20"},"modified":"2026-02-24T16:04:05","modified_gmt":"2026-02-24T15:04:05","slug":"options","status":"publish","type":"page","link":"https:\/\/ispeakenglish.org\/?page_id=20","title":{"rendered":"Options"},"content":{"rendered":"\t\t<div data-elementor-type=\"wp-page\" data-elementor-id=\"20\" class=\"elementor elementor-20\">\n\t\t\t\t<div class=\"elementor-element elementor-element-b0e1fd8 e-flex e-con-boxed e-con e-parent\" data-id=\"b0e1fd8\" data-element_type=\"container\" data-e-type=\"container\">\n\t\t\t\t\t<div class=\"e-con-inner\">\n\t\t\t\t<div class=\"elementor-element elementor-element-bd7b45a elementor-widget elementor-widget-heading\" data-id=\"bd7b45a\" data-element_type=\"widget\" data-e-type=\"widget\" data-widget_type=\"heading.default\">\n\t\t\t\t<div class=\"elementor-widget-container\">\n\t\t\t\t\t<h1 class=\"elementor-heading-title elementor-size-default\">Les cours<\/h1>\t\t\t\t<\/div>\n\t\t\t\t<\/div>\n\t\t\t\t\t<\/div>\n\t\t\t\t<\/div>\n\t\t<div class=\"elementor-element elementor-element-5699c69 e-flex e-con-boxed elementor-invisible e-con e-parent\" data-id=\"5699c69\" data-element_type=\"container\" data-e-type=\"container\" data-settings=\"{&quot;animation&quot;:&quot;zoomIn&quot;}\">\n\t\t\t\t\t<div class=\"e-con-inner\">\n\t\t<div class=\"elementor-element elementor-element-ca2e06d e-con-full e-flex e-con e-child\" data-id=\"ca2e06d\" data-element_type=\"container\" data-e-type=\"container\" data-settings=\"{&quot;animation&quot;:&quot;none&quot;}\">\n\t\t\t\t<div class=\"elementor-element elementor-element-3a86310 elementor-widget elementor-widget-image\" data-id=\"3a86310\" data-element_type=\"widget\" data-e-type=\"widget\" data-widget_type=\"image.default\">\n\t\t\t\t<div class=\"elementor-widget-container\">\n\t\t\t\t\t\t\t\t\t\t\t\t\t\t\t<img fetchpriority=\"high\" decoding=\"async\" width=\"800\" height=\"534\" src=\"https:\/\/ispeakenglish.org\/wp-content\/uploads\/2024\/07\/16035996_l-1024x683.jpg\" class=\"attachment-large size-large wp-image-153\" alt=\"Enfants 4 \u00e0 11 ans\" srcset=\"https:\/\/ispeakenglish.org\/wp-content\/uploads\/2024\/07\/16035996_l-1024x683.jpg 1024w, https:\/\/ispeakenglish.org\/wp-content\/uploads\/2024\/07\/16035996_l-300x200.jpg 300w, https:\/\/ispeakenglish.org\/wp-content\/uploads\/2024\/07\/16035996_l-768x512.jpg 768w, https:\/\/ispeakenglish.org\/wp-content\/uploads\/2024\/07\/16035996_l-1536x1024.jpg 1536w, https:\/\/ispeakenglish.org\/wp-content\/uploads\/2024\/07\/16035996_l-2048x1365.jpg 2048w\" sizes=\"(max-width: 800px) 100vw, 800px\" \/>\t\t\t\t\t\t\t\t\t\t\t\t\t\t\t<\/div>\n\t\t\t\t<\/div>\n\t\t\t\t<div class=\"elementor-element elementor-element-d68fbe4 elementor-widget elementor-widget-text-editor\" data-id=\"d68fbe4\" data-element_type=\"widget\" data-e-type=\"widget\" data-widget_type=\"text-editor.default\">\n\t\t\t\t<div class=\"elementor-widget-container\">\n\t\t\t\t\t\t\t\t\t<h5>Pour les enfants 4-11ans<\/h5><p>Les cours se d\u00e9roulent en mini-groupes de 8 \u00e9l\u00e8ves maximum de m\u00eame niveau.<\/p>\t\t\t\t\t\t\t\t<\/div>\n\t\t\t\t<\/div>\n\t\t\t\t<div class=\"elementor-element elementor-element-5eb7aa7 elementor-align-center elementor-widget elementor-widget-button\" data-id=\"5eb7aa7\" data-element_type=\"widget\" data-e-type=\"widget\" data-widget_type=\"button.default\">\n\t\t\t\t<div class=\"elementor-widget-container\">\n\t\t\t\t\t\t\t\t\t<div class=\"elementor-button-wrapper\">\n\t\t\t\t\t<a class=\"elementor-button elementor-button-link elementor-size-sm\" href=\"https:\/\/ispeakenglish.org\/?page_id=22\">\n\t\t\t\t\t\t<span class=\"elementor-button-content-wrapper\">\n\t\t\t\t\t\t\t\t\t<span class=\"elementor-button-text\">En savoir plus<\/span>\n\t\t\t\t\t<\/span>\n\t\t\t\t\t<\/a>\n\t\t\t\t<\/div>\n\t\t\t\t\t\t\t\t<\/div>\n\t\t\t\t<\/div>\n\t\t\t\t<\/div>\n\t\t<div class=\"elementor-element elementor-element-10535b1 e-con-full e-flex e-con e-child\" data-id=\"10535b1\" data-element_type=\"container\" data-e-type=\"container\" data-settings=\"{&quot;animation&quot;:&quot;none&quot;}\">\n\t\t\t\t<div class=\"elementor-element elementor-element-0d7efcd elementor-widget elementor-widget-image\" data-id=\"0d7efcd\" data-element_type=\"widget\" data-e-type=\"widget\" data-widget_type=\"image.default\">\n\t\t\t\t<div class=\"elementor-widget-container\">\n\t\t\t\t\t\t\t\t\t\t\t\t\t\t\t<img decoding=\"async\" width=\"800\" height=\"534\" src=\"https:\/\/ispeakenglish.org\/wp-content\/uploads\/2024\/07\/21034808_l-1024x683.jpg\" class=\"attachment-large size-large wp-image-91\" alt=\"Adolescents\" srcset=\"https:\/\/ispeakenglish.org\/wp-content\/uploads\/2024\/07\/21034808_l-1024x683.jpg 1024w, https:\/\/ispeakenglish.org\/wp-content\/uploads\/2024\/07\/21034808_l-300x200.jpg 300w, https:\/\/ispeakenglish.org\/wp-content\/uploads\/2024\/07\/21034808_l-768x513.jpg 768w, https:\/\/ispeakenglish.org\/wp-content\/uploads\/2024\/07\/21034808_l-1536x1025.jpg 1536w, https:\/\/ispeakenglish.org\/wp-content\/uploads\/2024\/07\/21034808_l-2048x1367.jpg 2048w, https:\/\/ispeakenglish.org\/wp-content\/uploads\/2024\/07\/elementor\/thumbs\/21034808_l-qrmfdzkhqtrs8io35qvna0beb5y0haw62k9a7ibc8k.jpg 169w\" sizes=\"(max-width: 800px) 100vw, 800px\" \/>\t\t\t\t\t\t\t\t\t\t\t\t\t\t\t<\/div>\n\t\t\t\t<\/div>\n\t\t\t\t<div class=\"elementor-element elementor-element-c24704a elementor-widget elementor-widget-text-editor\" data-id=\"c24704a\" data-element_type=\"widget\" data-e-type=\"widget\" data-widget_type=\"text-editor.default\">\n\t\t\t\t<div class=\"elementor-widget-container\">\n\t\t\t\t\t\t\t\t\t<h5>Pour les adolescents<\/h5><p>Les cours de d\u00e9roulent en mini groupes de 8 \u00e9l\u00e8ves maximum de m\u00eame niveau. Qu&rsquo;il s&rsquo;agisse de d\u00e9butants ou d&rsquo;\u00e9l\u00e8ves souhaitant se perfectionner nous pouvons vous proposer une solution.<\/p>\t\t\t\t\t\t\t\t<\/div>\n\t\t\t\t<\/div>\n\t\t\t\t<div class=\"elementor-element elementor-element-c7f503b elementor-align-center elementor-widget elementor-widget-button\" data-id=\"c7f503b\" data-element_type=\"widget\" data-e-type=\"widget\" data-widget_type=\"button.default\">\n\t\t\t\t<div class=\"elementor-widget-container\">\n\t\t\t\t\t\t\t\t\t<div class=\"elementor-button-wrapper\">\n\t\t\t\t\t<a class=\"elementor-button elementor-button-link elementor-size-sm\" href=\"https:\/\/ispeakenglish.org\/?page_id=24\">\n\t\t\t\t\t\t<span class=\"elementor-button-content-wrapper\">\n\t\t\t\t\t\t\t\t\t<span class=\"elementor-button-text\">En savoir plus<\/span>\n\t\t\t\t\t<\/span>\n\t\t\t\t\t<\/a>\n\t\t\t\t<\/div>\n\t\t\t\t\t\t\t\t<\/div>\n\t\t\t\t<\/div>\n\t\t\t\t<\/div>\n\t\t<div class=\"elementor-element elementor-element-7d64634 e-con-full e-flex e-con e-child\" data-id=\"7d64634\" data-element_type=\"container\" data-e-type=\"container\">\n\t\t\t\t<div class=\"elementor-element elementor-element-869e900 elementor-widget elementor-widget-image\" data-id=\"869e900\" data-element_type=\"widget\" data-e-type=\"widget\" data-widget_type=\"image.default\">\n\t\t\t\t<div class=\"elementor-widget-container\">\n\t\t\t\t\t\t\t\t\t\t\t\t\t\t\t<img decoding=\"async\" width=\"800\" height=\"534\" src=\"https:\/\/ispeakenglish.org\/wp-content\/uploads\/2024\/07\/3174280_l-1024x683.jpg\" class=\"attachment-large size-large wp-image-160\" alt=\"Adultes loisir\" srcset=\"https:\/\/ispeakenglish.org\/wp-content\/uploads\/2024\/07\/3174280_l-1024x683.jpg 1024w, https:\/\/ispeakenglish.org\/wp-content\/uploads\/2024\/07\/3174280_l-300x200.jpg 300w, https:\/\/ispeakenglish.org\/wp-content\/uploads\/2024\/07\/3174280_l-768x512.jpg 768w, https:\/\/ispeakenglish.org\/wp-content\/uploads\/2024\/07\/3174280_l-1536x1024.jpg 1536w, https:\/\/ispeakenglish.org\/wp-content\/uploads\/2024\/07\/3174280_l-2048x1366.jpg 2048w\" sizes=\"(max-width: 800px) 100vw, 800px\" \/>\t\t\t\t\t\t\t\t\t\t\t\t\t\t\t<\/div>\n\t\t\t\t<\/div>\n\t\t\t\t<div class=\"elementor-element elementor-element-a3e00f3 elementor-widget elementor-widget-text-editor\" data-id=\"a3e00f3\" data-element_type=\"widget\" data-e-type=\"widget\" data-widget_type=\"text-editor.default\">\n\t\t\t\t<div class=\"elementor-widget-container\">\n\t\t\t\t\t\t\t\t\t<h5>Pour les adultes loisir<\/h5><p>Quelles que soient vos motivations pour vous initier ou perfectionner en langue anglaise, nous sommes \u00e0 votre \u00e9coute pour concevoir ensemble un programme personnel.<\/p>\t\t\t\t\t\t\t\t<\/div>\n\t\t\t\t<\/div>\n\t\t\t\t<div class=\"elementor-element elementor-element-03b3857 elementor-align-center elementor-widget elementor-widget-button\" data-id=\"03b3857\" data-element_type=\"widget\" data-e-type=\"widget\" data-widget_type=\"button.default\">\n\t\t\t\t<div class=\"elementor-widget-container\">\n\t\t\t\t\t\t\t\t\t<div class=\"elementor-button-wrapper\">\n\t\t\t\t\t<a class=\"elementor-button elementor-button-link elementor-size-sm\" href=\"https:\/\/ispeakenglish.org\/?page_id=26\">\n\t\t\t\t\t\t<span class=\"elementor-button-content-wrapper\">\n\t\t\t\t\t\t\t\t\t<span class=\"elementor-button-text\">En savoir plus<\/span>\n\t\t\t\t\t<\/span>\n\t\t\t\t\t<\/a>\n\t\t\t\t<\/div>\n\t\t\t\t\t\t\t\t<\/div>\n\t\t\t\t<\/div>\n\t\t\t\t<\/div>\n\t\t<div class=\"elementor-element elementor-element-139d30f e-con-full e-flex e-con e-child\" data-id=\"139d30f\" data-element_type=\"container\" data-e-type=\"container\">\n\t\t\t\t<div class=\"elementor-element elementor-element-8c2377e elementor-widget elementor-widget-image\" data-id=\"8c2377e\" data-element_type=\"widget\" data-e-type=\"widget\" data-widget_type=\"image.default\">\n\t\t\t\t<div class=\"elementor-widget-container\">\n\t\t\t\t\t\t\t\t\t\t\t\t\t\t\t<img loading=\"lazy\" decoding=\"async\" width=\"800\" height=\"534\" src=\"https:\/\/ispeakenglish.org\/wp-content\/uploads\/2024\/07\/17785825_l-1024x683.jpg\" class=\"attachment-large size-large wp-image-161\" alt=\"Professionnels\" srcset=\"https:\/\/ispeakenglish.org\/wp-content\/uploads\/2024\/07\/17785825_l-1024x683.jpg 1024w, https:\/\/ispeakenglish.org\/wp-content\/uploads\/2024\/07\/17785825_l-300x200.jpg 300w, https:\/\/ispeakenglish.org\/wp-content\/uploads\/2024\/07\/17785825_l-768x512.jpg 768w, https:\/\/ispeakenglish.org\/wp-content\/uploads\/2024\/07\/17785825_l-1536x1024.jpg 1536w, https:\/\/ispeakenglish.org\/wp-content\/uploads\/2024\/07\/17785825_l-2048x1365.jpg 2048w\" sizes=\"(max-width: 800px) 100vw, 800px\" \/>\t\t\t\t\t\t\t\t\t\t\t\t\t\t\t<\/div>\n\t\t\t\t<\/div>\n\t\t\t\t<div class=\"elementor-element elementor-element-deb310c elementor-widget elementor-widget-text-editor\" data-id=\"deb310c\" data-element_type=\"widget\" data-e-type=\"widget\" data-widget_type=\"text-editor.default\">\n\t\t\t\t<div class=\"elementor-widget-container\">\n\t\t\t\t\t\t\t\t\t<h5>Pour les professionnels<\/h5><p>Si vous voulez \u00eatre au rendez-vous des march\u00e9s internationaux, nous vous proposons des formations sur mesure en langue anglaise pour tous les niveaux.<\/p>\t\t\t\t\t\t\t\t<\/div>\n\t\t\t\t<\/div>\n\t\t\t\t<div class=\"elementor-element elementor-element-f37bc08 elementor-align-center elementor-widget elementor-widget-button\" data-id=\"f37bc08\" data-element_type=\"widget\" data-e-type=\"widget\" data-widget_type=\"button.default\">\n\t\t\t\t<div class=\"elementor-widget-container\">\n\t\t\t\t\t\t\t\t\t<div class=\"elementor-button-wrapper\">\n\t\t\t\t\t<a class=\"elementor-button elementor-button-link elementor-size-sm\" href=\"https:\/\/ispeakenglish.org\/?page_id=31\">\n\t\t\t\t\t\t<span class=\"elementor-button-content-wrapper\">\n\t\t\t\t\t\t\t\t\t<span class=\"elementor-button-text\">En savoir plus<\/span>\n\t\t\t\t\t<\/span>\n\t\t\t\t\t<\/a>\n\t\t\t\t<\/div>\n\t\t\t\t\t\t\t\t<\/div>\n\t\t\t\t<\/div>\n\t\t\t\t<\/div>\n\t\t\t\t\t<\/div>\n\t\t\t\t<\/div>\n\t\t\t\t<\/div>\n\t\t","protected":false},"excerpt":{"rendered":"<p>Les cours Pour les enfants 4-11ans Les cours se d\u00e9roulent en mini-groupes de 8 \u00e9l\u00e8ves maximum de m\u00eame niveau. En savoir plus Pour les adolescents Les cours de d\u00e9roulent en mini groupes de 8 \u00e9l\u00e8ves maximum de m\u00eame niveau. Qu&rsquo;il s&rsquo;agisse de d\u00e9butants ou d&rsquo;\u00e9l\u00e8ves souhaitant se perfectionner nous pouvons vous proposer une solution. En [&hellip;]<\/p>\n","protected":false},"author":1,"featured_media":0,"parent":0,"menu_order":0,"comment_status":"closed","ping_status":"closed","template":"","meta":{"om_disable_all_campaigns":false,"_monsterinsights_skip_tracking":false,"_monsterinsights_sitenote_active":false,"_monsterinsights_sitenote_note":"","_monsterinsights_sitenote_category":0,"footnotes":""},"class_list":["post-20","page","type-page","status-publish","hentry"],"aioseo_notices":[],"_links":{"self":[{"href":"https:\/\/ispeakenglish.org\/index.php?rest_route=\/wp\/v2\/pages\/20","targetHints":{"allow":["GET"]}}],"collection":[{"href":"https:\/\/ispeakenglish.org\/index.php?rest_route=\/wp\/v2\/pages"}],"about":[{"href":"https:\/\/ispeakenglish.org\/index.php?rest_route=\/wp\/v2\/types\/page"}],"author":[{"embeddable":true,"href":"https:\/\/ispeakenglish.org\/index.php?rest_route=\/wp\/v2\/users\/1"}],"replies":[{"embeddable":true,"href":"https:\/\/ispeakenglish.org\/index.php?rest_route=%2Fwp%2Fv2%2Fcomments&post=20"}],"version-history":[{"count":22,"href":"https:\/\/ispeakenglish.org\/index.php?rest_route=\/wp\/v2\/pages\/20\/revisions"}],"predecessor-version":[{"id":212,"href":"https:\/\/ispeakenglish.org\/index.php?rest_route=\/wp\/v2\/pages\/20\/revisions\/212"}],"wp:attachment":[{"href":"https:\/\/ispeakenglish.org\/index.php?rest_route=%2Fwp%2Fv2%2Fmedia&parent=20"}],"curies":[{"name":"wp","href":"https:\/\/api.w.org\/{rel}","templated":true}]}}