{"id":22,"date":"2024-07-25T09:15:04","date_gmt":"2024-07-25T07:15:04","guid":{"rendered":"https:\/\/ispeakenglish.org\/?page_id=22"},"modified":"2026-02-24T15:52:13","modified_gmt":"2026-02-24T14:52:13","slug":"enfants","status":"publish","type":"page","link":"https:\/\/ispeakenglish.org\/?page_id=22","title":{"rendered":"Enfants"},"content":{"rendered":"\t\t<div data-elementor-type=\"wp-page\" data-elementor-id=\"22\" class=\"elementor elementor-22\">\n\t\t\t\t<div class=\"elementor-element elementor-element-e74d578 e-con-full e-flex e-con e-parent\" data-id=\"e74d578\" data-element_type=\"container\" data-e-type=\"container\">\n\t\t<div class=\"elementor-element elementor-element-b134d3b e-con-full e-flex e-con e-child\" data-id=\"b134d3b\" data-element_type=\"container\" data-e-type=\"container\">\n\t\t\t\t<div class=\"elementor-element elementor-element-d873343 elementor-widget__width-inherit elementor-widget elementor-widget-image\" data-id=\"d873343\" data-element_type=\"widget\" data-e-type=\"widget\" data-widget_type=\"image.default\">\n\t\t\t\t<div class=\"elementor-widget-container\">\n\t\t\t\t\t\t\t\t\t\t\t\t\t\t\t<img fetchpriority=\"high\" decoding=\"async\" width=\"2508\" height=\"1672\" src=\"https:\/\/ispeakenglish.org\/wp-content\/uploads\/2024\/07\/16035996_l.jpg\" class=\"attachment-full size-full wp-image-153\" alt=\"Enfants 4 \u00e0 11 ans\" srcset=\"https:\/\/ispeakenglish.org\/wp-content\/uploads\/2024\/07\/16035996_l.jpg 2508w, https:\/\/ispeakenglish.org\/wp-content\/uploads\/2024\/07\/16035996_l-300x200.jpg 300w, https:\/\/ispeakenglish.org\/wp-content\/uploads\/2024\/07\/16035996_l-1024x683.jpg 1024w, https:\/\/ispeakenglish.org\/wp-content\/uploads\/2024\/07\/16035996_l-768x512.jpg 768w, https:\/\/ispeakenglish.org\/wp-content\/uploads\/2024\/07\/16035996_l-1536x1024.jpg 1536w, https:\/\/ispeakenglish.org\/wp-content\/uploads\/2024\/07\/16035996_l-2048x1365.jpg 2048w\" sizes=\"(max-width: 2508px) 100vw, 2508px\" \/>\t\t\t\t\t\t\t\t\t\t\t\t\t\t\t<\/div>\n\t\t\t\t<\/div>\n\t\t\t\t<\/div>\n\t\t<div class=\"elementor-element elementor-element-3adab4d e-con-full e-flex e-con e-child\" data-id=\"3adab4d\" data-element_type=\"container\" data-e-type=\"container\">\n\t\t\t\t<div class=\"elementor-element elementor-element-7c07cd8 elementor-widget elementor-widget-heading\" data-id=\"7c07cd8\" data-element_type=\"widget\" data-e-type=\"widget\" data-widget_type=\"heading.default\">\n\t\t\t\t<div class=\"elementor-widget-container\">\n\t\t\t\t\t<h2 class=\"elementor-heading-title elementor-size-default\">Pour les enfants 4-11 ans<\/h2>\t\t\t\t<\/div>\n\t\t\t\t<\/div>\n\t\t\t\t<div class=\"elementor-element elementor-element-0edc31e elementor-widget elementor-widget-text-editor\" data-id=\"0edc31e\" data-element_type=\"widget\" data-e-type=\"widget\" data-widget_type=\"text-editor.default\">\n\t\t\t\t<div class=\"elementor-widget-container\">\n\t\t\t\t\t\t\t\t\t<p>Les cours se d\u00e9roulent en mini-groupes de 8 \u00e9l\u00e8ves maximum de m\u00eame niveau.<\/p><p>L\u2019accent est mis sur le plaisir d\u2019apprendre, nos enseignants se serviront d\u2019ateliers, d\u2019activit\u00e9s ludiques, pratiques et cr\u00e9atives pour plonger votre enfant dans un contexte o\u00f9 tout son attention est engag\u00e9. L\u2019accent est \u00e9galement mis sur l\u2019oral afin que les enfants apprennent \u00e0 s\u2019exprimer d\u00e8s le plus jeune \u00e2ge en anglais.<\/p><p><a href=\"http:\/\/www.education.gouv.fr\/cid206\/les-langues-vivantes-etrangeres.html\">http:\/\/www.education.gouv.fr\/cid206\/les-langues-vivantes-etrangeres.html<\/a><\/p><p>Inscriptions toute l\u2019ann\u00e9e. N\u2019h\u00e9sitez pas \u00e0 nous contacter pour nous parler des besoins de votre enfant.<\/p><p><strong>Tarif\u00a0:<\/strong>\u00a0Nous proposons un forfait de 32 Heures sur une ann\u00e9e scolaire (1 heure par semaine en dehors des vacances scolaires) au tarif de 420\u20ac soient 13\u20ac par heure. Votre enfant peut d\u00e9marrer en cours d&rsquo;ann\u00e9e et vous serez alors factur\u00e9s au prorata.<\/p><p><strong>Formations dipl\u00f4mantes<\/strong>\u00a0: Nous proposons \u00e0 nos \u00e9l\u00e8ves qui ont atteint un certain niveau de passer un dipl\u00f4me de Cambridge afin de certifier le niveau atteint.<\/p>\t\t\t\t\t\t\t\t<\/div>\n\t\t\t\t<\/div>\n\t\t\t\t<\/div>\n\t\t\t\t<\/div>\n\t\t\t\t<\/div>\n\t\t","protected":false},"excerpt":{"rendered":"<p>Pour les enfants 4-11 ans Les cours se d\u00e9roulent en mini-groupes de 8 \u00e9l\u00e8ves maximum de m\u00eame niveau. L\u2019accent est mis sur le plaisir d\u2019apprendre, nos enseignants se serviront d\u2019ateliers, d\u2019activit\u00e9s ludiques, pratiques et cr\u00e9atives pour plonger votre enfant dans un contexte o\u00f9 tout son attention est engag\u00e9. L\u2019accent est \u00e9galement mis sur l\u2019oral afin [&hellip;]<\/p>\n","protected":false},"author":1,"featured_media":0,"parent":0,"menu_order":0,"comment_status":"closed","ping_status":"closed","template":"","meta":{"om_disable_all_campaigns":false,"_monsterinsights_skip_tracking":false,"_monsterinsights_sitenote_active":false,"_monsterinsights_sitenote_note":"","_monsterinsights_sitenote_category":0,"footnotes":""},"class_list":["post-22","page","type-page","status-publish","hentry"],"aioseo_notices":[],"_links":{"self":[{"href":"https:\/\/ispeakenglish.org\/index.php?rest_route=\/wp\/v2\/pages\/22","targetHints":{"allow":["GET"]}}],"collection":[{"href":"https:\/\/ispeakenglish.org\/index.php?rest_route=\/wp\/v2\/pages"}],"about":[{"href":"https:\/\/ispeakenglish.org\/index.php?rest_route=\/wp\/v2\/types\/page"}],"author":[{"embeddable":true,"href":"https:\/\/ispeakenglish.org\/index.php?rest_route=\/wp\/v2\/users\/1"}],"replies":[{"embeddable":true,"href":"https:\/\/ispeakenglish.org\/index.php?rest_route=%2Fwp%2Fv2%2Fcomments&post=22"}],"version-history":[{"count":4,"href":"https:\/\/ispeakenglish.org\/index.php?rest_route=\/wp\/v2\/pages\/22\/revisions"}],"predecessor-version":[{"id":170,"href":"https:\/\/ispeakenglish.org\/index.php?rest_route=\/wp\/v2\/pages\/22\/revisions\/170"}],"wp:attachment":[{"href":"https:\/\/ispeakenglish.org\/index.php?rest_route=%2Fwp%2Fv2%2Fmedia&parent=22"}],"curies":[{"name":"wp","href":"https:\/\/api.w.org\/{rel}","templated":true}]}}