{"id":24,"date":"2024-07-25T09:15:16","date_gmt":"2024-07-25T07:15:16","guid":{"rendered":"https:\/\/ispeakenglish.org\/?page_id=24"},"modified":"2026-02-24T15:41:09","modified_gmt":"2026-02-24T14:41:09","slug":"adolescents","status":"publish","type":"page","link":"https:\/\/ispeakenglish.org\/?page_id=24","title":{"rendered":"Adolescents"},"content":{"rendered":"\t\t<div data-elementor-type=\"wp-page\" data-elementor-id=\"24\" class=\"elementor elementor-24\">\n\t\t\t\t<div class=\"elementor-element elementor-element-09f6b23 e-con-full e-flex e-con e-parent\" data-id=\"09f6b23\" data-element_type=\"container\" data-e-type=\"container\">\n\t\t<div class=\"elementor-element elementor-element-dbf98b0 e-con-full e-flex e-con e-child\" data-id=\"dbf98b0\" data-element_type=\"container\" data-e-type=\"container\">\n\t\t\t\t<div class=\"elementor-element elementor-element-793ebd9 elementor-widget__width-inherit elementor-widget elementor-widget-image\" data-id=\"793ebd9\" data-element_type=\"widget\" data-e-type=\"widget\" data-widget_type=\"image.default\">\n\t\t\t\t<div class=\"elementor-widget-container\">\n\t\t\t\t\t\t\t\t\t\t\t\t\t\t\t<img fetchpriority=\"high\" decoding=\"async\" width=\"2507\" height=\"1673\" src=\"https:\/\/ispeakenglish.org\/wp-content\/uploads\/2024\/07\/21034808_l.jpg\" class=\"attachment-full size-full wp-image-91\" alt=\"Adolescents\" srcset=\"https:\/\/ispeakenglish.org\/wp-content\/uploads\/2024\/07\/21034808_l.jpg 2507w, https:\/\/ispeakenglish.org\/wp-content\/uploads\/2024\/07\/21034808_l-300x200.jpg 300w, https:\/\/ispeakenglish.org\/wp-content\/uploads\/2024\/07\/21034808_l-1024x683.jpg 1024w, https:\/\/ispeakenglish.org\/wp-content\/uploads\/2024\/07\/21034808_l-768x513.jpg 768w, https:\/\/ispeakenglish.org\/wp-content\/uploads\/2024\/07\/21034808_l-1536x1025.jpg 1536w, https:\/\/ispeakenglish.org\/wp-content\/uploads\/2024\/07\/21034808_l-2048x1367.jpg 2048w, https:\/\/ispeakenglish.org\/wp-content\/uploads\/2024\/07\/elementor\/thumbs\/21034808_l-qrmfdzkhqtrs8io35qvna0beb5y0haw62k9a7ibc8k.jpg 169w\" sizes=\"(max-width: 2507px) 100vw, 2507px\" \/>\t\t\t\t\t\t\t\t\t\t\t\t\t\t\t<\/div>\n\t\t\t\t<\/div>\n\t\t\t\t<\/div>\n\t\t<div class=\"elementor-element elementor-element-0b6815b e-con-full e-flex e-con e-child\" data-id=\"0b6815b\" data-element_type=\"container\" data-e-type=\"container\">\n\t\t\t\t<div class=\"elementor-element elementor-element-a9b1518 elementor-widget elementor-widget-heading\" data-id=\"a9b1518\" data-element_type=\"widget\" data-e-type=\"widget\" data-widget_type=\"heading.default\">\n\t\t\t\t<div class=\"elementor-widget-container\">\n\t\t\t\t\t<h2 class=\"elementor-heading-title elementor-size-default\">Pour les adolescents<\/h2>\t\t\t\t<\/div>\n\t\t\t\t<\/div>\n\t\t\t\t<div class=\"elementor-element elementor-element-aaa447a elementor-widget elementor-widget-text-editor\" data-id=\"aaa447a\" data-element_type=\"widget\" data-e-type=\"widget\" data-widget_type=\"text-editor.default\">\n\t\t\t\t<div class=\"elementor-widget-container\">\n\t\t\t\t\t\t\t\t\t<p>Quelle que soit la voie choisie par votre enfant, l\u2019anglais est devenu incontournable. Nous proposons des cours sur mesure adapt\u00e9s \u00e0 l\u2019\u00e2ge et au niveau de votre adolescent.<\/p><p>Que ce soit pour un soutien ou pour un perfectionnement nous r\u00e9pondons \u00e0 vos besoins avec des enseignants qualifi\u00e9s et de langue maternelle anglaise.\u00a0<\/p><p>Nous proposons \u00e9galement des activit\u00e9s ludiques, pratiques et cr\u00e9atives afin de permettre \u00e0 vos adolescents de mettre en pratique leurs nouvelles connaissances.<\/p><p><strong>(La pratique orale est int\u00e9gr\u00e9e aux \u00e9preuves obligatoires de langues du baccalaur\u00e9at,<\/strong>\u00a0pour toutes les s\u00e9ries g\u00e9n\u00e9rales et technologiques,\u00a0<strong>depuis la session 2013.<\/strong>)\u00a0<a href=\"http:\/\/www.education.gouv.fr\/cid206\/les-langues-vivantes-etrangeres.html\">http:\/\/www.education.gouv.fr\/cid206\/les-langues-vivantes-etrangeres.html<\/a><\/p><p><strong>Tarif\u00a0<\/strong>: Nous proposons un forfait de\u00a0<strong>32H (Une heure par semaine sur l&rsquo;ann\u00e9e (en dehors des vacances scolaires) au tarif de 420\u20ac<\/strong>\u00a0(soit 13\u20ac\u00a0de l&rsquo;heure). Vous pouvez prendre l&rsquo;ann\u00e9e en cours et nous facturerons au prorata.<\/p><p><strong>Formation dipl\u00f4mante<\/strong>\u00a0: Nous proposons \u00e0 nos \u00e9l\u00e8ves qui ont atteint un certain niveau de passer un dipl\u00f4me de Cambridge afin de certifier le niveau atteint et donner un avantage lors de l&rsquo;inscription dans l&rsquo;apr\u00e8s Baccalaur\u00e9at.<\/p><p class=\"x_MsoNormal\">Les \u00e9l\u00e8ves de I SPEAK ENGLISH sont \u00e9valu\u00e9s en cours de formation par le biais d\u2019examens blancs<\/p><p class=\"x_MsoNormal\">Afin de v\u00e9rifier les comp\u00e9tences aquises et n\u00e9cessaires pour une pr\u00e9sentation \u00e0 l\u2019examen<\/p><p>Essai gratuit : Nous proposons une s\u00e9ance gratuite pour d\u00e9couvrir nos formations (sur r\u00e9servation aupr\u00e8s du secr\u00e9tariat 05 53 47 94 59 ou contact[@]ispeakenglish.org)<\/p><p>Nous sommes \u00e0 votre disposition pour \u00e9changer ensemble sur vos besoins.<\/p>\t\t\t\t\t\t\t\t<\/div>\n\t\t\t\t<\/div>\n\t\t\t\t<\/div>\n\t\t\t\t<\/div>\n\t\t\t\t<\/div>\n\t\t","protected":false},"excerpt":{"rendered":"<p>Pour les adolescents Quelle que soit la voie choisie par votre enfant, l\u2019anglais est devenu incontournable. Nous proposons des cours sur mesure adapt\u00e9s \u00e0 l\u2019\u00e2ge et au niveau de votre adolescent. Que ce soit pour un soutien ou pour un perfectionnement nous r\u00e9pondons \u00e0 vos besoins avec des enseignants qualifi\u00e9s et de langue maternelle anglaise.\u00a0 [&hellip;]<\/p>\n","protected":false},"author":1,"featured_media":0,"parent":0,"menu_order":0,"comment_status":"closed","ping_status":"closed","template":"","meta":{"om_disable_all_campaigns":false,"_monsterinsights_skip_tracking":false,"_monsterinsights_sitenote_active":false,"_monsterinsights_sitenote_note":"","_monsterinsights_sitenote_category":0,"footnotes":""},"class_list":["post-24","page","type-page","status-publish","hentry"],"aioseo_notices":[],"_links":{"self":[{"href":"https:\/\/ispeakenglish.org\/index.php?rest_route=\/wp\/v2\/pages\/24","targetHints":{"allow":["GET"]}}],"collection":[{"href":"https:\/\/ispeakenglish.org\/index.php?rest_route=\/wp\/v2\/pages"}],"about":[{"href":"https:\/\/ispeakenglish.org\/index.php?rest_route=\/wp\/v2\/types\/page"}],"author":[{"embeddable":true,"href":"https:\/\/ispeakenglish.org\/index.php?rest_route=\/wp\/v2\/users\/1"}],"replies":[{"embeddable":true,"href":"https:\/\/ispeakenglish.org\/index.php?rest_route=%2Fwp%2Fv2%2Fcomments&post=24"}],"version-history":[{"count":10,"href":"https:\/\/ispeakenglish.org\/index.php?rest_route=\/wp\/v2\/pages\/24\/revisions"}],"predecessor-version":[{"id":285,"href":"https:\/\/ispeakenglish.org\/index.php?rest_route=\/wp\/v2\/pages\/24\/revisions\/285"}],"wp:attachment":[{"href":"https:\/\/ispeakenglish.org\/index.php?rest_route=%2Fwp%2Fv2%2Fmedia&parent=24"}],"curies":[{"name":"wp","href":"https:\/\/api.w.org\/{rel}","templated":true}]}}