{"id":26,"date":"2024-07-25T09:15:33","date_gmt":"2024-07-25T07:15:33","guid":{"rendered":"https:\/\/ispeakenglish.org\/?page_id=26"},"modified":"2026-02-25T15:20:38","modified_gmt":"2026-02-25T14:20:38","slug":"adultes-loisir","status":"publish","type":"page","link":"https:\/\/ispeakenglish.org\/?page_id=26","title":{"rendered":"Adultes loisir"},"content":{"rendered":"\t\t<div data-elementor-type=\"wp-page\" data-elementor-id=\"26\" class=\"elementor elementor-26\">\n\t\t\t\t<div class=\"elementor-element elementor-element-309651d e-con-full e-flex e-con e-parent\" data-id=\"309651d\" data-element_type=\"container\" data-e-type=\"container\">\n\t\t<div class=\"elementor-element elementor-element-725e33d e-con-full e-flex e-con e-child\" data-id=\"725e33d\" data-element_type=\"container\" data-e-type=\"container\">\n\t\t\t\t<div class=\"elementor-element elementor-element-b6a949c elementor-widget elementor-widget-image\" data-id=\"b6a949c\" data-element_type=\"widget\" data-e-type=\"widget\" data-widget_type=\"image.default\">\n\t\t\t\t<div class=\"elementor-widget-container\">\n\t\t\t\t\t\t\t\t\t\t\t\t\t\t\t<img fetchpriority=\"high\" decoding=\"async\" width=\"800\" height=\"534\" src=\"https:\/\/ispeakenglish.org\/wp-content\/uploads\/2024\/07\/3174280_l-1024x683.jpg\" class=\"attachment-large size-large wp-image-160\" alt=\"Adultes loisir\" srcset=\"https:\/\/ispeakenglish.org\/wp-content\/uploads\/2024\/07\/3174280_l-1024x683.jpg 1024w, https:\/\/ispeakenglish.org\/wp-content\/uploads\/2024\/07\/3174280_l-300x200.jpg 300w, https:\/\/ispeakenglish.org\/wp-content\/uploads\/2024\/07\/3174280_l-768x512.jpg 768w, https:\/\/ispeakenglish.org\/wp-content\/uploads\/2024\/07\/3174280_l-1536x1024.jpg 1536w, https:\/\/ispeakenglish.org\/wp-content\/uploads\/2024\/07\/3174280_l-2048x1366.jpg 2048w\" sizes=\"(max-width: 800px) 100vw, 800px\" \/>\t\t\t\t\t\t\t\t\t\t\t\t\t\t\t<\/div>\n\t\t\t\t<\/div>\n\t\t\t\t<\/div>\n\t\t<div class=\"elementor-element elementor-element-3f2624f e-con-full e-flex e-con e-child\" data-id=\"3f2624f\" data-element_type=\"container\" data-e-type=\"container\">\n\t\t\t\t<div class=\"elementor-element elementor-element-dd26f76 elementor-widget elementor-widget-heading\" data-id=\"dd26f76\" data-element_type=\"widget\" data-e-type=\"widget\" data-widget_type=\"heading.default\">\n\t\t\t\t<div class=\"elementor-widget-container\">\n\t\t\t\t\t<h2 class=\"elementor-heading-title elementor-size-default\">Pour les adultes loisir<\/h2>\t\t\t\t<\/div>\n\t\t\t\t<\/div>\n\t\t\t\t<div class=\"elementor-element elementor-element-28fe714 elementor-widget elementor-widget-text-editor\" data-id=\"28fe714\" data-element_type=\"widget\" data-e-type=\"widget\" data-widget_type=\"text-editor.default\">\n\t\t\t\t<div class=\"elementor-widget-container\">\n\t\t\t\t\t\t\t\t\t<p>Formations en anglais, pour tous les niveaux, dispens\u00e9es par des enseignants de langue maternelle anglaise \u2013 pour vous apprendre un anglais qui corresponde \u00e0 la r\u00e9alit\u00e9 du terrain international.<\/p><p>Quelles que soient vos motivations pour vous initier ou perfectionner en langue anglaise, nous sommes \u00e0 votre \u00e9coute pour concevoir ensemble un programme personnel. Nous travaillerons ensemble:<\/p><ul><li>Votre compr\u00e9hension orale et \u00e9crite<\/li><li>Votre expression orale et \u00e9crite<\/li><li>Votre r\u00e9daction<\/li><\/ul><p>Cela gr\u00e2ce \u00e0 des cours particuliers, des cours en groupe, et des cours en viseoconf\u00e9rence depuis votre domicile.<\/p><p>Nous vous proposons \u00e9galement des moments de d\u00e9tente en anglais : tea time, scrabble, jeux de soci\u00e9t\u00e9, acc\u00e8s \u00e0 notre biblioth\u00e8que\u2026. Avec des intervenants toujours de langue maternelle anglaise.<\/p><p><strong>Tarif :<\/strong>\u00a050\u20ac le cours individuel et 35\u20ac le cours en mini groupe (maximum 6 personnes afin que tout le monde prenne un maximum la parole)<\/p><p>N\u2019h\u00e9sitez pas \u00e0 nous contacter pour parler de vos besoins.<\/p>\t\t\t\t\t\t\t\t<\/div>\n\t\t\t\t<\/div>\n\t\t\t\t<\/div>\n\t\t\t\t<\/div>\n\t\t\t\t<\/div>\n\t\t","protected":false},"excerpt":{"rendered":"<p>Pour les adultes loisir Formations en anglais, pour tous les niveaux, dispens\u00e9es par des enseignants de langue maternelle anglaise \u2013 pour vous apprendre un anglais qui corresponde \u00e0 la r\u00e9alit\u00e9 du terrain international. Quelles que soient vos motivations pour vous initier ou perfectionner en langue anglaise, nous sommes \u00e0 votre \u00e9coute pour concevoir ensemble un [&hellip;]<\/p>\n","protected":false},"author":1,"featured_media":0,"parent":0,"menu_order":0,"comment_status":"closed","ping_status":"closed","template":"","meta":{"om_disable_all_campaigns":false,"_monsterinsights_skip_tracking":false,"_monsterinsights_sitenote_active":false,"_monsterinsights_sitenote_note":"","_monsterinsights_sitenote_category":0,"footnotes":""},"class_list":["post-26","page","type-page","status-publish","hentry"],"aioseo_notices":[],"_links":{"self":[{"href":"https:\/\/ispeakenglish.org\/index.php?rest_route=\/wp\/v2\/pages\/26","targetHints":{"allow":["GET"]}}],"collection":[{"href":"https:\/\/ispeakenglish.org\/index.php?rest_route=\/wp\/v2\/pages"}],"about":[{"href":"https:\/\/ispeakenglish.org\/index.php?rest_route=\/wp\/v2\/types\/page"}],"author":[{"embeddable":true,"href":"https:\/\/ispeakenglish.org\/index.php?rest_route=\/wp\/v2\/users\/1"}],"replies":[{"embeddable":true,"href":"https:\/\/ispeakenglish.org\/index.php?rest_route=%2Fwp%2Fv2%2Fcomments&post=26"}],"version-history":[{"count":7,"href":"https:\/\/ispeakenglish.org\/index.php?rest_route=\/wp\/v2\/pages\/26\/revisions"}],"predecessor-version":[{"id":177,"href":"https:\/\/ispeakenglish.org\/index.php?rest_route=\/wp\/v2\/pages\/26\/revisions\/177"}],"wp:attachment":[{"href":"https:\/\/ispeakenglish.org\/index.php?rest_route=%2Fwp%2Fv2%2Fmedia&parent=26"}],"curies":[{"name":"wp","href":"https:\/\/api.w.org\/{rel}","templated":true}]}}