{"id":31,"date":"2024-07-25T09:16:06","date_gmt":"2024-07-25T07:16:06","guid":{"rendered":"https:\/\/ispeakenglish.org\/?page_id=31"},"modified":"2026-02-24T16:06:47","modified_gmt":"2026-02-24T15:06:47","slug":"professionnels-formation-continue","status":"publish","type":"page","link":"https:\/\/ispeakenglish.org\/?page_id=31","title":{"rendered":"Professionnels formation continue"},"content":{"rendered":"\t\t<div data-elementor-type=\"wp-page\" data-elementor-id=\"31\" class=\"elementor elementor-31\">\n\t\t\t\t<div class=\"elementor-element elementor-element-eeff5cf e-con-full e-flex e-con e-parent\" data-id=\"eeff5cf\" data-element_type=\"container\" data-e-type=\"container\">\n\t\t<div class=\"elementor-element elementor-element-0a94cce e-con-full e-flex e-con e-child\" data-id=\"0a94cce\" data-element_type=\"container\" data-e-type=\"container\">\n\t\t\t\t<div class=\"elementor-element elementor-element-f561170 elementor-widget elementor-widget-image\" data-id=\"f561170\" data-element_type=\"widget\" data-e-type=\"widget\" data-widget_type=\"image.default\">\n\t\t\t\t<div class=\"elementor-widget-container\">\n\t\t\t\t\t\t\t\t\t\t\t\t\t\t\t<img fetchpriority=\"high\" decoding=\"async\" width=\"800\" height=\"534\" src=\"https:\/\/ispeakenglish.org\/wp-content\/uploads\/2024\/07\/17785825_l-1024x683.jpg\" class=\"attachment-large size-large wp-image-161\" alt=\"Professionnels\" srcset=\"https:\/\/ispeakenglish.org\/wp-content\/uploads\/2024\/07\/17785825_l-1024x683.jpg 1024w, https:\/\/ispeakenglish.org\/wp-content\/uploads\/2024\/07\/17785825_l-300x200.jpg 300w, https:\/\/ispeakenglish.org\/wp-content\/uploads\/2024\/07\/17785825_l-768x512.jpg 768w, https:\/\/ispeakenglish.org\/wp-content\/uploads\/2024\/07\/17785825_l-1536x1024.jpg 1536w, https:\/\/ispeakenglish.org\/wp-content\/uploads\/2024\/07\/17785825_l-2048x1365.jpg 2048w\" sizes=\"(max-width: 800px) 100vw, 800px\" \/>\t\t\t\t\t\t\t\t\t\t\t\t\t\t\t<\/div>\n\t\t\t\t<\/div>\n\t\t\t\t<\/div>\n\t\t<div class=\"elementor-element elementor-element-f0a0402 e-con-full e-flex e-con e-child\" data-id=\"f0a0402\" data-element_type=\"container\" data-e-type=\"container\">\n\t\t\t\t<div class=\"elementor-element elementor-element-19f9f3b elementor-widget elementor-widget-heading\" data-id=\"19f9f3b\" data-element_type=\"widget\" data-e-type=\"widget\" data-widget_type=\"heading.default\">\n\t\t\t\t<div class=\"elementor-widget-container\">\n\t\t\t\t\t<h2 class=\"elementor-heading-title elementor-size-default\">Professionnels formation continue<\/h2>\t\t\t\t<\/div>\n\t\t\t\t<\/div>\n\t\t\t\t<div class=\"elementor-element elementor-element-7c6bd6b elementor-widget elementor-widget-text-editor\" data-id=\"7c6bd6b\" data-element_type=\"widget\" data-e-type=\"widget\" data-widget_type=\"text-editor.default\">\n\t\t\t\t<div class=\"elementor-widget-container\">\n\t\t\t\t\t\t\t\t\t<p>Nous vous proposons des formations sur mesure en langue anglaise pour tous les niveaux.<\/p><p>Ensemble, nous conviendrons d\u2019un programme personnel qui vous permettra de d\u00e9velopper :<\/p><ul><li>Votre compr\u00e9hension orale et \u00e9crite<\/li><li>Votre expression orale et \u00e9crite<\/li><li>Votre r\u00e9daction<\/li><\/ul><p>Cela gr\u00e2ce \u00e0 des cours individuels \/ de groupe \/ en distanciel par Teams ou Zoom.<\/p><p>Nous sommes \u00e0 votre \u00e9coute pour d\u00e9terminer ensemble comment r\u00e9pondre au mieux \u00e0 vos besoins et fournir un devis gratuit sur demande.<\/p><p><strong>Nos formations sont prises en charge par le CPF.\u00a0<\/strong><\/p><p><strong>Nous sommes \u00e0 votre disposition pour vous indiquez la d\u00e9marche, tr\u00e8s simple, de prise en charge de votre formation par le CPF.<\/strong><\/p><p>Plus d&rsquo;information sur le CPF aller sur la <a href=\"https:\/\/ispeakenglish.org\/?page_id=33\">page infos<\/a><\/p>\t\t\t\t\t\t\t\t<\/div>\n\t\t\t\t<\/div>\n\t\t\t\t<\/div>\n\t\t\t\t<\/div>\n\t\t\t\t<\/div>\n\t\t","protected":false},"excerpt":{"rendered":"<p>Professionnels formation continue Nous vous proposons des formations sur mesure en langue anglaise pour tous les niveaux. Ensemble, nous conviendrons d\u2019un programme personnel qui vous permettra de d\u00e9velopper : Votre compr\u00e9hension orale et \u00e9crite Votre expression orale et \u00e9crite Votre r\u00e9daction Cela gr\u00e2ce \u00e0 des cours individuels \/ de groupe \/ en distanciel par Teams [&hellip;]<\/p>\n","protected":false},"author":1,"featured_media":0,"parent":0,"menu_order":0,"comment_status":"closed","ping_status":"closed","template":"","meta":{"om_disable_all_campaigns":false,"_monsterinsights_skip_tracking":false,"_monsterinsights_sitenote_active":false,"_monsterinsights_sitenote_note":"","_monsterinsights_sitenote_category":0,"footnotes":""},"class_list":["post-31","page","type-page","status-publish","hentry"],"aioseo_notices":[],"_links":{"self":[{"href":"https:\/\/ispeakenglish.org\/index.php?rest_route=\/wp\/v2\/pages\/31","targetHints":{"allow":["GET"]}}],"collection":[{"href":"https:\/\/ispeakenglish.org\/index.php?rest_route=\/wp\/v2\/pages"}],"about":[{"href":"https:\/\/ispeakenglish.org\/index.php?rest_route=\/wp\/v2\/types\/page"}],"author":[{"embeddable":true,"href":"https:\/\/ispeakenglish.org\/index.php?rest_route=\/wp\/v2\/users\/1"}],"replies":[{"embeddable":true,"href":"https:\/\/ispeakenglish.org\/index.php?rest_route=%2Fwp%2Fv2%2Fcomments&post=31"}],"version-history":[{"count":13,"href":"https:\/\/ispeakenglish.org\/index.php?rest_route=\/wp\/v2\/pages\/31\/revisions"}],"predecessor-version":[{"id":554,"href":"https:\/\/ispeakenglish.org\/index.php?rest_route=\/wp\/v2\/pages\/31\/revisions\/554"}],"wp:attachment":[{"href":"https:\/\/ispeakenglish.org\/index.php?rest_route=%2Fwp%2Fv2%2Fmedia&parent=31"}],"curies":[{"name":"wp","href":"https:\/\/api.w.org\/{rel}","templated":true}]}}