{"id":33,"date":"2024-07-25T09:16:22","date_gmt":"2024-07-25T07:16:22","guid":{"rendered":"https:\/\/ispeakenglish.org\/?page_id=33"},"modified":"2026-04-13T16:27:17","modified_gmt":"2026-04-13T14:27:17","slug":"infos","status":"publish","type":"page","link":"https:\/\/ispeakenglish.org\/?page_id=33","title":{"rendered":"Infos"},"content":{"rendered":"\t\t<div data-elementor-type=\"wp-page\" data-elementor-id=\"33\" class=\"elementor elementor-33\">\n\t\t\t\t<div class=\"elementor-element elementor-element-b7cbf40 e-flex e-con-boxed e-con e-parent\" data-id=\"b7cbf40\" data-element_type=\"container\" data-e-type=\"container\">\n\t\t\t\t\t<div class=\"e-con-inner\">\n\t\t\t\t<div class=\"elementor-element elementor-element-8c9d55c elementor-widget elementor-widget-heading\" data-id=\"8c9d55c\" data-element_type=\"widget\" data-e-type=\"widget\" data-widget_type=\"heading.default\">\n\t\t\t\t<div class=\"elementor-widget-container\">\n\t\t\t\t\t<h2 class=\"elementor-heading-title elementor-size-default\">Informations sur nos offres<\/h2>\t\t\t\t<\/div>\n\t\t\t\t<\/div>\n\t\t\t\t<div class=\"elementor-element elementor-element-eb0ca44 elementor-widget elementor-widget-text-editor\" data-id=\"eb0ca44\" data-element_type=\"widget\" data-e-type=\"widget\" data-widget_type=\"text-editor.default\">\n\t\t\t\t<div class=\"elementor-widget-container\">\n\t\t\t\t\t\t\t\t\t<h5>Pour cr\u00e9er votre compte CPF :&nbsp;<span style=\"font-size: 12.0pt; font-family: 'Verdana',sans-serif; mso-fareast-font-family: Aptos; mso-fareast-theme-font: minor-latin; mso-bidi-font-family: Aptos; color: #002060; mso-ligatures: standardcontextual; mso-ansi-language: FR; mso-fareast-language: EN-US; mso-bidi-language: AR-SA;\"><a href=\"https:\/\/www.moncompteformation.gouv.fr\/\">https:\/\/www.moncompteformation.gouv.fr\/<\/a><\/span><br><span style=\"color: inherit; font-family: inherit; font-size: 1.25rem; text-align: var(--text-align);\">Pour les agents publics :&nbsp;<\/span><a style=\"font-family: Verdana, sans-serif; font-size: 12pt; font-weight: var( --e-global-typography-text-font-weight ); text-align: var(--text-align); background-color: #ffffff;\" href=\"https:\/\/www.service-public.fr\/particuliers\/vosdroits\/R46472\">https:\/\/www.service-public.fr\/particuliers\/vosdroits\/R46472<\/a><\/h5>\n<p><strong>ATTENTION ! LE GOUVERNEMENT A DECIDE DE LIMITER VOS DEPENSES EN FORMATION PROVENANT DE VOTRE COMPTE CPF. <\/strong><\/p>\n<p><strong>A PARTIR DU 26 F\u00e9vrier 2026 VOUS NE POUVEZ UTILISER QUE 1500\u20ac DES FONDS SE TROUVANT SUR VOTRE COMPTE CPF POUR FINANCER VOTRE FORMATION.<\/strong><\/p>\n<h5>Pour plus d&rsquo;informations sur nos offres :<\/h5>\n<p>Vous pouvez suivre ce lien : <a href=\"https:\/\/www.moncompteformation.gouv.fr\/espace-prive\/html\/#\/formation\/recherche\/resultats?q=%7B%22ou%22:%7B%22modality%22:%22EN_CENTRE_MIXTE%22,%22type%22:%22CP%22,%22ville%22:%7B%22nom%22:%22AGEN%22,%22codePostal%22:%2247000%22,%22codeInsee%22:%2247001%22,%22coordonnee%22:%7B%22longitude%22:0.6257793,%22latitude%22:44.20241%7D,%22eligibleCpf%22:true%7D%7D,%22debutPagination%22:1,%22nombreOccurences%22:10,%22contexteFormation%22:%22ACTIVITE_PROFESSIONNELLE%22,%22nomOrganisme%22:%22I%20SPEAK%20ENGLISH%22,%22conformiteReglementaire%22:null,%22endDate%22:null,%22startDate%22:null,%22evaluation%22:null,%22niveauSortie%22:null,%22minPrix%22:null,%22maxPrix%22:null,%22rythme%22:null,%22onlyWithAbondementsEligibles%22:null,%22durationHours%22:null,%22certifications%22:null,%22distance%22:500,%22quoi%22:null,%22quoiReferentiel%22:%7B%22code%22:%2215234%22,%22libelle%22:%22ANGLAIS%22,%22type%22:%22FORMACODE%22,%22publics%22:%5B%22GD_PUBLIC%22%5D%7D%7D\">https:\/\/www.moncompteformation.gouv.fr\/espace-prive\/html\/<\/a> pour d\u00e9couvrir toutes nos formations (dur\u00e9e, programme, tarifs etc) ou nous envoyer un mail \u00e0 contact[@]ispeakenglish.org. I SPEAK ENGLISH vous accompagne pour cr\u00e9er votre IDENTITE NUMERIQUE.<\/p>\n<ul>\n<li>\n<h5>Pr\u00e9-requis pour toutes les formations<\/h5>\n<\/li>\n<\/ul>\n<p><strong>Testez-vous ici gratuitement : <a href=\"https:\/\/www.cambridgeenglish.org\/fr\/test-your-english\/general-english\/\">https:\/\/www.cambridgeenglish.org\/fr\/test-your-english\/general-english\/<\/a><\/strong><\/p>\n<p>Pouvoir d\u00e9montrer un niveau suffisant pour acc\u00e9der \u00e0 la formation choisie &#8211; par exemple : justifier d&rsquo;un niveau El\u00e9mentaire (A2)&nbsp; pour effectuer une formation avec un niveau de d\u00e9part Pr\u00e9-interm\u00e9diaire. Pas de pr\u00e9-requis pour entr\u00e9e en formation mais obligation pour tout candidat en CPF de valider un niveau A2 en sortie de formation. I Speak English mesure votre niveau en d\u00e9part de formation par un test \u00e9crit et une \u00e9valuation orale. Plus d&rsquo;information en suivant le lien \u00ab\u00a0Mon compte formation ci-dessus\u00a0\u00bb.<\/p>\n<p>En bas de la page le tableau de correspondance des niveaux.<\/p>\n<p>\u00c0 partir du 15 mars 2023 tout nouvel entrant passera un TOEIC 4 Skills en d\u00e9but de formation afin de d\u00e9terminer son niveau d&rsquo;entr\u00e9e.<\/p>\n<ul>\n<li>\n<h5>D\u00e9lais d&rsquo;acc\u00e8s \u00e0 la formation :<\/h5>\n<\/li>\n<\/ul>\n<p>Le d\u00e9lai d&rsquo;acc\u00e8s \u00e0 la formation, c&rsquo;est-\u00e0-dire le d\u00e9lai entre votre demande et le d\u00e9but de la formation, est d&rsquo;environ 11 jours.<\/p>\n<p><strong>Programme des Formations :<\/strong><\/p>\n<p>Cette liste n&rsquo;est pas exhaustive. Vous trouverez le catalogue complet en cliquant sur ce lien : <a href=\"https:\/\/www.moncompteformation.gouv.fr\/espace-prive\/html\/#\/formation\/recherche\/resultats?q=%7B%22ou%22:%7B%22modality%22:%22EN_CENTRE_MIXTE%22,%22type%22:%22CP%22,%22ville%22:%7B%22nom%22:%22AGEN%22,%22codePostal%22:%2247000%22,%22codeInsee%22:%2247001%22,%22coordonnee%22:%7B%22longitude%22:0.6257793,%22latitude%22:44.20241%7D,%22eligibleCpf%22:true%7D%7D,%22debutPagination%22:1,%22nombreOccurences%22:10,%22contexteFormation%22:%22ACTIVITE_PROFESSIONNELLE%22,%22nomOrganisme%22:%22I%20SPEAK%20ENGLISH%22,%22conformiteReglementaire%22:null,%22endDate%22:null,%22startDate%22:null,%22evaluation%22:null,%22niveauSortie%22:null,%22minPrix%22:null,%22maxPrix%22:null,%22rythme%22:null,%22onlyWithAbondementsEligibles%22:null,%22durationHours%22:null,%22certifications%22:null,%22distance%22:500,%22quoi%22:null,%22quoiReferentiel%22:%7B%22code%22:%2215234%22,%22libelle%22:%22ANGLAIS%22,%22type%22:%22FORMACODE%22,%22publics%22:%5B%22GD_PUBLIC%22%5D%7D%7D\">https:\/\/www.moncompteformation.gouv.fr\/espace-prive\/html\/<\/a><\/p>\n<p>Programme objectif El\u00e9mentaire 20 H : <a href=\"https:\/\/ispeakenglish.org\/wp-content\/uploads\/2026\/03\/Objectif-elementaire-20h-RS7229.pdf\">Objectif \u00e9l\u00e9mentaire 20h RS7229<\/a><\/p>\n<p>Programme objectif Interm\u00e9diaire 20 H : <a href=\"https:\/\/ispeakenglish.org\/wp-content\/uploads\/2026\/03\/Objectif-intermediaire-20h-RS7229.pdf\">Objectif interm\u00e9diaire 20h RS7229<\/a><\/p>\n<p>Programme objectif \u00c9l\u00e9mentaire 50 H : <a href=\"https:\/\/ispeakenglish.org\/wp-content\/uploads\/2026\/01\/Objectif-elementaire-50h-RS7229.pdf\">Objectif \u00e9l\u00e9mentaire 50h RS7229<\/a><\/p>\n<p>Programme Pr\u00e9-interm\u00e9diaire 35 H : <a href=\"https:\/\/ispeakenglish.org\/wp-content\/uploads\/2026\/01\/Objectif-pre-intermediaire-35h-RS7229.pdf\">Objectif pr\u00e9 interm\u00e9diaire 35h RS7229<\/a><\/p>\n<p>Programme Pr\u00e9-interm\u00e9diaire 50 H : <a href=\"https:\/\/ispeakenglish.org\/wp-content\/uploads\/2026\/01\/Objectif-pre-intermediaire-50h-RS7229.pdf\">Objectif pr\u00e9 interm\u00e9diaire 50h RS7229<\/a><\/p>\n<p>Programme Interm\u00e9diaire 35 H : <a href=\"https:\/\/ispeakenglish.org\/wp-content\/uploads\/2026\/01\/Objectif-intermediaire-35h-RS7229.pdf\">Objectif interm\u00e9diaire 35h RS7229<\/a><\/p>\n<p>Programme Interm\u00e9diaire 50 H : <a href=\"https:\/\/ispeakenglish.org\/wp-content\/uploads\/2026\/01\/Objectif-intermediaire-50h-RS7229.pdf\">Objectif interm\u00e9diaire 50h RS7229<\/a><\/p>\n<p><strong>Programme personnalis\u00e9 sur demande.<\/strong><\/p>\n<ul>\n<li>\n<h4>Certification TOEIC 4 comp\u00e9tences (\u00e9couter, parler, lire et \u00e9crire)<\/h4>\n<\/li>\n<\/ul>\n<p>Certificateur : ETS Global (date enregistrement certification 17\/07\/2025 <a href=\"https:\/\/www.etsglobal.org\/fr\/fr\/blog\/news\/renouvellement-cpf-tests-toeic\">https:\/\/www.etsglobal.org\/fr\/fr\/<br>blog\/news\/renouvellement-cpf-tests-toeic<\/a>)<\/p>\n<h5>&nbsp;<\/h5>\n<h5>Personnes en situation de handicap :<\/h5>\n<p>Nos formations sont adaptables \u00e0 un public en situation de d&rsquo;handicap, en collaboration avec l&rsquo;Agefiph, n&rsquo;h\u00e9sitez pas \u00e0 contacter notre r\u00e9f\u00e9rent handicap V\u00e9ronique Mayeur \u00e0 contact[@]ispeakenglish.org.<br>Nos locaux sont situ\u00e9s en RDC.<\/p>\n<h5>&nbsp;<\/h5>\n<h5>Formateurs:<\/h5>\n<p>Tous nos formateurs sont anglophones et dipl\u00f4m\u00e9s (TEFL ou CELTA ou \u00e9quivalent).<\/p>\n<h5>&nbsp;<\/h5>\n<h5>MODALITE D&rsquo;EVALUATION EN COURS DE FORMATION :<\/h5>\n<p>Les apprenants sont \u00e9valu\u00e9s au fil de la formation afin de v\u00e9rifier les comp\u00e9tences aquises et les objectifs fix\u00e9s en d\u00e9part de formation : <a href=\"https:\/\/ispeakenglish.org\/wp-content\/uploads\/2026\/01\/EVA-ENTREE-DE-FORMATION.pdf\">EVA ENTREE DE FORMATION<\/a><\/p>\n<h5>INDICATEURS DE RESULTATS:<\/h5>\n<p>Enqu\u00eate de satisfaction de nos formations&nbsp;:&nbsp;<a href=\"https:\/\/forms.office.com\/r\/KPnp0fsigw\">https:\/\/forms.office.com\/r\/<br>KPnp0fsigw<\/a><\/p>\n<p><span style=\"text-decoration: underline;\">Satisfaction globale de 3.91 \/ 4 sur les enqu\u00eates de satisfaction r\u00e9alis\u00e9es aupr\u00e8s des stagiaires au 11\/02\/2026.<\/span><\/p>\n<p>Taux de retour des enqu\u00eates de satisfaction : Un total de 39 questionnaires rendus sur un total de 52 questionnaires distribu\u00e9s<\/p>\n<p><strong>Catalogue de formation&nbsp;<\/strong><\/p>\n<p>L&rsquo;ensemble du catalogue de formation est disponible ici :<br><a href=\"https:\/\/www.moncompteformation.gouv.fr\/espace-prive\/html\/#\/formation\/recherche\/resultats?q=%7B%22ou%22:%7B%22modality%22:%22EN_CENTRE_MIXTE%22,%22type%22:%22CP%22,%22ville%22:%7B%22nom%22:%22AGEN%22,%22codePostal%22:%2247000%22,%22codeInsee%22:%2247001%22,%22coordonnee%22:%7B%22longitude%22:0.6257793,%22latitude%22:44.20241%7D,%22eligibleCpf%22:true%7D%7D,%22debutPagination%22:1,%22nombreOccurences%22:10,%22contexteFormation%22:%22ACTIVITE_PROFESSIONNELLE%22,%22nomOrganisme%22:%22I%20SPEAK%20ENGLISH%22,%22conformiteReglementaire%22:null,%22endDate%22:null,%22startDate%22:null,%22evaluation%22:null,%22niveauSortie%22:null,%22minPrix%22:null,%22maxPrix%22:null,%22rythme%22:null,%22onlyWithAbondementsEligibles%22:null,%22durationHours%22:null,%22certifications%22:null,%22distance%22:500,%22quoi%22:null,%22quoiReferentiel%22:%7B%22code%22:%2215234%22,%22libelle%22:%22ANGLAIS%22,%22type%22:%22FORMACODE%22,%22publics%22:%5B%22GD_PUBLIC%22%5D%7D%7D\">https:\/\/www.moncompteformation.gouv.fr\/espace-prive\/html\/<\/a><\/p>\n<p>Programme objectif<\/p>\n<p>Nombre d\u2019apprenants CPF durant le dernier exercice du 01\/09\/2023 au 31\/08\/2024 : 52<\/p>\n<p>Nombre d\u2019heures de formation CPF pendant le dernier exercice du 01\/09\/2023 au 31\/08\/2024 :&nbsp; 1377 heures<\/p>\n<p>Le test TOEIC donne lieu \u00e0 un score entre 0 et 990. La progression est calcul\u00e9 en nombre de points entre le test TOEIC d&rsquo;entr\u00e9e en formation et le test TOEIC de sortie de formation. (Mis \u00e0 jour le 24\/07\/2025)<\/p>\n<p>Le tarif des heures de formation est \u00e0 partir de 76,00 \u20ac HT de l&rsquo;heure pour le CPF et les entreprises.<\/p>\n<p>Taux d&rsquo;interruption en cours de formation (Exercice : 2023 &#8211; 2024 selon le BPF) : 2 clients sur 52 inscrits.<\/p>\n<p>Cause(s) d&rsquo;abandon(s) : 1 Mutations Professionnelles &#8211; 1 Raisons Familiales<\/p>\n<p>Les conditions g\u00e9n\u00e9rales de ventes sont disponibles ici :&nbsp;<a href=\"https:\/\/ispeakenglish-my.sharepoint.com\/:b:\/g\/personal\/claire_ispeakenglish_onmicrosoft_com\/EfVrg5ivplpLjqWfagVpfCwBwqiD8tfqsppytm-2-6Gqxw?e=6gSRPK\" target=\"_blank\" rel=\"noopener\">CGV<\/a><\/p>\n<table width=\"514\">\n<tbody>\n<tr>\n<td colspan=\"3\" width=\"514\">MOYENNE GAIN DE POINTS AU TOEIC AU 31\/03\/2026<\/td>\n<\/tr>\n<tr>\n<td>INDIVIDUEL&nbsp;<\/td>\n<td>MOYENNE DU GAIN DE POINTS AU TOEIC<\/td>\n<td>STATUT FORMATION<\/td>\n<\/tr>\n<tr>\n<td>15H<\/td>\n<td>84<\/td>\n<td>INACTIF<\/td>\n<\/tr>\n<tr>\n<td>20H<\/td>\n<td>25<\/td>\n<td>ACTIF<\/td>\n<\/tr>\n<tr>\n<td>25H<\/td>\n<td>76<\/td>\n<td>INACTIF<\/td>\n<\/tr>\n<tr>\n<td>32H<\/td>\n<td>109<\/td>\n<td>INACTIF<\/td>\n<\/tr>\n<tr>\n<td>35H<\/td>\n<td>Formations en cours<\/td>\n<td>ACTIF<\/td>\n<\/tr>\n<tr>\n<td>40H<\/td>\n<td>95<\/td>\n<td>INACTIF<\/td>\n<\/tr>\n<tr>\n<td>45H<\/td>\n<td>Formations en cours<\/td>\n<td>ACTIF<\/td>\n<\/tr>\n<tr>\n<td>60h<\/td>\n<td>70<\/td>\n<td>INACTIF<\/td>\n<\/tr>\n<tr>\n<td>63H<\/td>\n<td>Formations en cours<\/td>\n<td>ACTIF<\/td>\n<\/tr>\n<tr>\n<td>69H<\/td>\n<td>37,5<\/td>\n<td>INACTIF<\/td>\n<\/tr>\n<\/tbody>\n<\/table>\n<div>&nbsp;<\/div>\n<div>&nbsp;<\/div>\n<h5><span style=\"text-decoration: underline;\">A quoi correspondent les niveaux<\/span><\/h5>\n<p><strong>Niveau Pr\u00e9 A1<\/strong><br>Ce niveau est celui d&rsquo;un d\u00e9butant. Apr\u00e8s un premier stage de mise \u00e0 niveau A1 vous pouvez acc\u00e9der \u00e0 une formation \u00e9ligible au CPF. Contactez-nous pour plus informations ! 05 53 47 94 59<\/p>\n<p>ou contact[@]ispeakenglish.org<\/p>\n<p><strong>Niveau A1<\/strong><br>Avec ce niveau, vous serez capable de communiquer dans des situations communes. Vous d\u00e9couvrirez les temps du pr\u00e9sent.<\/p>\n<p><strong>Niveau A2<\/strong><br>A ce niveau, votre avez atteint un niveau d\u2019anglais quotidien. Vous \u00eates capable de communiquer de fa\u00e7on simple et fonctionnelle en ma\u00eetrisant les temps de base. Vous atteignez un niveau d\u2019anglais interm\u00e9diaire et vous pouvez vous d\u00e9brouiller en voyage.<\/p>\n<p><strong>Niveau B1<\/strong><br>\u00c0 partir d\u2019ici, vous rentrez dans un niveau d\u2019anglais interm\u00e9diaire. Vous \u00eates capable de communiquer au pass\u00e9. Vous pouvez commencer \u00e0 utiliser l\u2019anglais dans un contexte professionnel (ex communiquer au t\u00e9l\u00e9phone).<\/p>\n<p><strong>Niveau B2<br><\/strong>A un niveau B2, vous pouvez converser de fa\u00e7on ais\u00e9e \u00e0 l\u2019oral dans un contexte professionnel (par exemple faire une courte pr\u00e9sentation).<\/p>\n<p><strong>Niveau C1<br><\/strong>Vous rentrez dans un niveau d\u2019anglais avanc\u00e9, vous pouvez assister \u00e0 des r\u00e9unions et utiliser des formes grammaticales plus avanc\u00e9es.<\/p>\n<p><strong>Niveau C2<br><\/strong>Vous \u00eates totalement \u00e0 l\u2019aise en anglais que ce soit dans un contexte personnel que professionnel (exemple : animer des r\u00e9unions dans un contexte professionnel).<\/p>\n<p><strong>E-Learning<\/strong>&nbsp;:<\/p>\n<p>Plateforme d\u2019e-learning partenaire : Oxford Online (Un code d&rsquo;acc\u00e8s vous sera communiqu\u00e9 en d\u00e9but de formation)<\/p>\n<p><img fetchpriority=\"high\" decoding=\"async\" src=\"https:\/\/ispeakenglish.org\/wp-content\/uploads\/2024\/07\/logo-datadocke-280x300.jpg\" alt=\"Logo Datadocke\" width=\"280\" height=\"300\"><\/p>\n<p>Parmi les plus de 60 000 organismes de formation d\u00e9clar\u00e9s en France, comment faire son choix ? Comment savoir quels sont les \u00ab bons \u00bb et les \u00ab moins bons \u00bb ? A qui peut-on faire confiance ?<br>Dans cet esprit, la loi du 5 mars 2014 confie \u00e0 tous les financeurs de la formation professionnelle (OPCO, OPACIF, FONGECIF, Etat, r\u00e9gions, P\u00f4le emploi et Agefiph) la responsabilit\u00e9 du suivi et du contr\u00f4le de la qualit\u00e9 des organismes de formation avec lesquels ils travaillent.<br>Le&nbsp;<a href=\"https:\/\/www.legifrance.gouv.fr\/affichTexte.do?cidTexte=JORFTEXT000030820633&amp;categorieLien=id\" target=\"_blank\" rel=\"noopener noreferrer\">d\u00e9cret n\u00b0 2015-790 du 30 juin 2015<\/a> fixe les crit\u00e8res qui sont entr\u00e9s en vigueur le 1er janvier 2017 et qui permettent aux financeurs de remplir cette mission.<\/p>\n<p>Le certificat Qualiopi est disponible ici : <a href=\"https:\/\/ispeakenglish.org\/wp-content\/uploads\/2026\/02\/CERTIFICAT-QUALIIOPI-CERTIFOPAC_filigrane.pdf\">CERTIFICAT-QUALIIOPI-CERTIFOPAC_filigrane<\/a><\/p>\n<table style=\"width: 386pt;\" border=\"0\" width=\"514\" cellspacing=\"0\" cellpadding=\"0\">\n<colgroup>\n<col style=\"mso-width-source: userset; mso-width-alt: 4242; width: 87pt;\" width=\"116\">\n<col style=\"mso-width-source: userset; mso-width-alt: 9654; width: 198pt;\" width=\"264\">\n<col style=\"mso-width-source: userset; mso-width-alt: 4900; width: 101pt;\" width=\"134\"> <\/colgroup>\n<tbody>\n<tr style=\"height: 15.75pt;\">\n<td class=\"xl69\" style=\"border-right-width: 0.5pt; border-right-color: black; height: 15.75pt; width: 386pt;\" colspan=\"3\" width=\"514\" height=\"21\">MOYENNE GAIN DE POINTS AU TOEIC AU 31\/03\/2026<\/td>\n<\/tr>\n<tr style=\"height: 15.0pt;\">\n<td class=\"xl64\" style=\"height: 15.0pt; border-top: none;\" height=\"20\">INDIVIDUEL&nbsp;<\/td>\n<td class=\"xl64\" style=\"border-top: none; border-left: none;\">MOYENNE DU GAIN DE POINTS AU TOEIC<\/td>\n<td class=\"xl63\" style=\"border-top: none; border-left: none;\">STATUT FORMATION<\/td>\n<\/tr>\n<tr style=\"height: 15.0pt;\">\n<td class=\"xl64\" style=\"height: 15.0pt; border-top: none;\" height=\"20\">15H<\/td>\n<td class=\"xl65\" style=\"border-top: none; border-left: none;\">84<\/td>\n<td class=\"xl72\" style=\"border-top: none; border-left: none;\">INACTIF<\/td>\n<\/tr>\n<tr style=\"height: 15.75pt;\">\n<td class=\"xl64\" style=\"height: 15.75pt; border-top: none;\" height=\"21\">20H<\/td>\n<td class=\"xl65\" style=\"border-top: none; border-left: none;\">25<\/td>\n<td class=\"xl68\" style=\"border-top: none; border-left: none;\">ACTIF<\/td>\n<\/tr>\n<tr style=\"height: 15.0pt;\">\n<td class=\"xl64\" style=\"height: 15.0pt; border-top: none;\" height=\"20\">25H<\/td>\n<td class=\"xl65\" style=\"border-top: none; border-left: none;\">76<\/td>\n<td class=\"xl72\" style=\"border-top: none; border-left: none;\">INACTIF<\/td>\n<\/tr>\n<tr style=\"height: 15.0pt;\">\n<td class=\"xl64\" style=\"height: 15.0pt; border-top: none;\" height=\"20\">32H<\/td>\n<td class=\"xl65\" style=\"border-top: none; border-left: none;\">109<\/td>\n<td class=\"xl72\" style=\"border-top: none; border-left: none;\">INACTIF<\/td>\n<\/tr>\n<tr style=\"height: 15.0pt;\">\n<td class=\"xl64\" style=\"height: 15.0pt; border-top: none;\" height=\"20\">35H<\/td>\n<td class=\"xl65\" style=\"border-top: none; border-left: none;\">Formations en cours<\/td>\n<td class=\"xl68\" style=\"border-top: none; border-left: none;\">ACTIF<\/td>\n<\/tr>\n<tr style=\"height: 15.75pt;\">\n<td class=\"xl64\" style=\"height: 15.75pt; border-top: none;\" height=\"21\">40H<\/td>\n<td class=\"xl64\" style=\"border-top: none; border-left: none;\">95<\/td>\n<td class=\"xl72\" style=\"border-top: none; border-left: none;\">INACTIF<\/td>\n<\/tr>\n<tr style=\"height: 15.0pt;\">\n<td class=\"xl64\" style=\"height: 15.0pt; border-top: none;\" height=\"20\">45H<\/td>\n<td class=\"xl64\" style=\"border-top: none; border-left: none;\">Formations en cours<\/td>\n<td class=\"xl68\" style=\"border-top: none; border-left: none;\">ACTIF<\/td>\n<\/tr>\n<tr style=\"height: 15.0pt;\">\n<td class=\"xl64\" style=\"height: 15.0pt; border-top: none;\" height=\"20\">60h<\/td>\n<td class=\"xl66\" style=\"border-top: none; border-left: none;\">70<\/td>\n<td class=\"xl72\" style=\"border-top: none; border-left: none;\">INACTIF<\/td>\n<\/tr>\n<tr style=\"height: 15.0pt;\">\n<td class=\"xl64\" style=\"height: 15.0pt; border-top: none;\" height=\"20\">63H<\/td>\n<td class=\"xl66\" style=\"border-top: none; border-left: none;\">Formations en cours<\/td>\n<td class=\"xl68\" style=\"border-top: none; border-left: none;\">ACTIF<\/td>\n<\/tr>\n<tr style=\"height: 15.0pt;\">\n<td class=\"xl64\" style=\"height: 15.0pt; border-top: none;\" height=\"20\">69H<\/td>\n<td class=\"xl67\" style=\"border-top: none; border-left: none;\">37,5<\/td>\n<td class=\"xl72\" style=\"border-top: none; border-left: none;\">INACTIF<\/td>\n<\/tr>\n<\/tbody>\n<\/table>\t\t\t\t\t\t\t\t<\/div>\n\t\t\t\t<\/div>\n\t\t\t\t\t<\/div>\n\t\t\t\t<\/div>\n\t\t\t\t<\/div>\n\t\t","protected":false},"excerpt":{"rendered":"<p>Informations sur nos offres Pour cr\u00e9er votre compte CPF :&nbsp;https:\/\/www.moncompteformation.gouv.fr\/Pour les agents publics :&nbsp;https:\/\/www.service-public.fr\/particuliers\/vosdroits\/R46472 ATTENTION ! LE GOUVERNEMENT A DECIDE DE LIMITER VOS DEPENSES EN FORMATION PROVENANT DE VOTRE COMPTE CPF. A PARTIR DU 26 F\u00e9vrier 2026 VOUS NE POUVEZ UTILISER QUE 1500\u20ac DES FONDS SE TROUVANT SUR VOTRE COMPTE CPF POUR FINANCER VOTRE FORMATION. [&hellip;]<\/p>\n","protected":false},"author":1,"featured_media":0,"parent":0,"menu_order":0,"comment_status":"closed","ping_status":"closed","template":"","meta":{"om_disable_all_campaigns":false,"_monsterinsights_skip_tracking":false,"_monsterinsights_sitenote_active":false,"_monsterinsights_sitenote_note":"","_monsterinsights_sitenote_category":0,"footnotes":""},"class_list":["post-33","page","type-page","status-publish","hentry"],"aioseo_notices":[],"_links":{"self":[{"href":"https:\/\/ispeakenglish.org\/index.php?rest_route=\/wp\/v2\/pages\/33","targetHints":{"allow":["GET"]}}],"collection":[{"href":"https:\/\/ispeakenglish.org\/index.php?rest_route=\/wp\/v2\/pages"}],"about":[{"href":"https:\/\/ispeakenglish.org\/index.php?rest_route=\/wp\/v2\/types\/page"}],"author":[{"embeddable":true,"href":"https:\/\/ispeakenglish.org\/index.php?rest_route=\/wp\/v2\/users\/1"}],"replies":[{"embeddable":true,"href":"https:\/\/ispeakenglish.org\/index.php?rest_route=%2Fwp%2Fv2%2Fcomments&post=33"}],"version-history":[{"count":229,"href":"https:\/\/ispeakenglish.org\/index.php?rest_route=\/wp\/v2\/pages\/33\/revisions"}],"predecessor-version":[{"id":687,"href":"https:\/\/ispeakenglish.org\/index.php?rest_route=\/wp\/v2\/pages\/33\/revisions\/687"}],"wp:attachment":[{"href":"https:\/\/ispeakenglish.org\/index.php?rest_route=%2Fwp%2Fv2%2Fmedia&parent=33"}],"curies":[{"name":"wp","href":"https:\/\/api.w.org\/{rel}","templated":true}]}}